{"id":618,"date":"2022-12-14T15:18:52","date_gmt":"2022-12-14T15:18:52","guid":{"rendered":"https:\/\/sommelieredit.com\/restablecimiento-de-la-contrasena\/"},"modified":"2022-12-14T15:18:52","modified_gmt":"2022-12-14T15:18:52","slug":"restablecimiento-de-la-contrasena","status":"publish","type":"page","link":"https:\/\/sommelieredit.com\/es\/restablecimiento-de-la-contrasena\/","title":{"rendered":"Restablecimiento de la contrase\u00f1a"},"content":{"rendered":"<div class=\"um um-password um-um_password_id\">\n\t<div class=\"um-form\">\n\t\t<form method=\"post\" action=\"\">\n\t\t\t\n\t\t\t\t<input type=\"hidden\" name=\"_um_password_reset\" id=\"_um_password_reset\" value=\"1\" \/>\n\n\t\t\t\t\t\t\t\t\t<div class=\"um-field um-field-block um-field-type_block\">\n\t\t\t\t\t\t<div class=\"um-field-block\">\n\t\t\t\t\t\t\t<div style=\"text-align:center;\">\n\t\t\t\t\t\t\t\tPara restablecer su contrase\u00f1a, introduzca a continuaci\u00f3n su direcci\u00f3n de correo electr\u00f3nico o su nombre de usuario.\t\t\t\t\t\t\t<\/div>\n\t\t\t\t\t\t<\/div>\n\t\t\t\t\t<\/div>\n\t\t\t\t\t<div  id=\"um_field_0_username_b\" class=\"um-field um-field-text  um-field-username_b um-field-text um-field-type_text\" data-key=\"username_b\"><div class=\"um-field-area\"><input  autocomplete=\"off\" class=\"um-form-field valid \" type=\"text\" name=\"username_b\" id=\"username_b\" value=\"\" placeholder=\"Introduzca su nombre de usuario o correo electr\u00f3nico\" data-validate=\"\" data-key=\"username_b\"  aria-invalid=\"false\" \/>\n\n\t\t\t\t\t\t<\/div><\/div>\n<div class=\"g-recaptcha\" id=\"um-um_password_id\" data-mode=\"password\"><\/div>\n\n\t\t\t\t<div class=\"um-col-alt um-col-alt-b\">\n\t\t\t\t\t<div class=\"um-center\">\n\t\t\t\t\t\t<input type=\"submit\" value=\"Restablecer contrase\u00f1a\" class=\"um-button\" id=\"um-submit-btn\" \/>\n\t\t\t\t\t<\/div>\n\t\t\t\t\t<div class=\"um-clear\"><\/div>\n\t\t\t\t<\/div>\n\t\t\t\t\t<input type=\"hidden\" name=\"form_id\" id=\"form_id_um_password_id\" value=\"um_password_id\" \/>\n\t\t<p class=\"um_request_name\">\n\t\t<label for=\"um_request_um_password_id\">Only fill in if you are not human<\/label>\n\t\t<input type=\"hidden\" name=\"um_request\" id=\"um_request_um_password_id\" class=\"input\" value=\"\" size=\"25\" autocomplete=\"off\" \/>\n\t<\/p>\n\t\t\t<\/form>\n\t<\/div>\n<\/div>\n<style>\n\t\t\t.um-um_password_id.um {\n\t\t\tmax-width: 450px;\n\t\t}\n\t\t<\/style>\n\n","protected":false},"excerpt":{"rendered":"Para restablecer su contrase\u00f1a, introduzca a continuaci\u00f3n su direcci\u00f3n de correo electr\u00f3nico o su nombre de usuario. Only fill in if you are not human","protected":false},"author":1,"featured_media":0,"parent":0,"menu_order":0,"comment_status":"closed","ping_status":"closed","template":"","meta":{"_acf_changed":false,"footnotes":""},"class_list":["post-618","page","type-page","status-publish","hentry","entry","no-media"],"acf":[],"yoast_head":"<!-- This site is optimized with the Yoast SEO plugin v27.3 - https:\/\/yoast.com\/product\/yoast-seo-wordpress\/ -->\n<title>Restablecimiento de la contrase\u00f1a | Sommelier Edit<\/title>\n<meta name=\"robots\" content=\"noindex, follow\" \/>\n<meta property=\"og:locale\" content=\"es_ES\" \/>\n<meta property=\"og:type\" content=\"article\" \/>\n<meta property=\"og:title\" content=\"Restablecimiento de la contrase\u00f1a | Sommelier Edit\" \/>\n<meta property=\"og:url\" content=\"https:\/\/sommelieredit.com\/es\/restablecimiento-de-la-contrasena\/\" \/>\n<meta property=\"og:site_name\" content=\"Sommelier Edit\" \/>\n<meta property=\"article:publisher\" content=\"https:\/\/www.facebook.com\/sommelieredit\/\" \/>\n<meta property=\"og:image\" content=\"https:\/\/sommelieredit.com\/wp-content\/uploads\/2022\/12\/sommelier-edit-logo-og.png\" \/>\n\t<meta property=\"og:image:width\" content=\"1200\" \/>\n\t<meta property=\"og:image:height\" content=\"630\" \/>\n\t<meta property=\"og:image:type\" content=\"image\/png\" \/>\n<meta name=\"twitter:card\" content=\"summary_large_image\" \/>\n<meta name=\"twitter:site\" content=\"@SommelierEdit\" \/>\n<script type=\"application\/ld+json\" class=\"yoast-schema-graph\">{\"@context\":\"https:\\\/\\\/schema.org\",\"@graph\":[{\"@type\":\"WebPage\",\"@id\":\"https:\\\/\\\/sommelieredit.com\\\/es\\\/restablecimiento-de-la-contrasena\\\/\",\"url\":\"https:\\\/\\\/sommelieredit.com\\\/es\\\/restablecimiento-de-la-contrasena\\\/\",\"name\":\"Restablecimiento de la contrase\u00f1a | Sommelier Edit\",\"isPartOf\":{\"@id\":\"https:\\\/\\\/sommelieredit.com\\\/es\\\/#website\"},\"datePublished\":\"2022-12-14T15:18:52+00:00\",\"breadcrumb\":{\"@id\":\"https:\\\/\\\/sommelieredit.com\\\/es\\\/restablecimiento-de-la-contrasena\\\/#breadcrumb\"},\"inLanguage\":\"es\",\"potentialAction\":[{\"@type\":\"ReadAction\",\"target\":[\"https:\\\/\\\/sommelieredit.com\\\/es\\\/restablecimiento-de-la-contrasena\\\/\"]}]},{\"@type\":\"BreadcrumbList\",\"@id\":\"https:\\\/\\\/sommelieredit.com\\\/es\\\/restablecimiento-de-la-contrasena\\\/#breadcrumb\",\"itemListElement\":[{\"@type\":\"ListItem\",\"position\":1,\"name\":\"Home\",\"item\":\"https:\\\/\\\/sommelieredit.com\\\/es\\\/\"},{\"@type\":\"ListItem\",\"position\":2,\"name\":\"Restablecimiento de la contrase\u00f1a\"}]},{\"@type\":\"WebSite\",\"@id\":\"https:\\\/\\\/sommelieredit.com\\\/es\\\/#website\",\"url\":\"https:\\\/\\\/sommelieredit.com\\\/es\\\/\",\"name\":\"Sommelier Edit\",\"description\":\"\",\"publisher\":{\"@id\":\"https:\\\/\\\/sommelieredit.com\\\/es\\\/#organization\"},\"potentialAction\":[{\"@type\":\"SearchAction\",\"target\":{\"@type\":\"EntryPoint\",\"urlTemplate\":\"https:\\\/\\\/sommelieredit.com\\\/es\\\/?s={search_term_string}\"},\"query-input\":{\"@type\":\"PropertyValueSpecification\",\"valueRequired\":true,\"valueName\":\"search_term_string\"}}],\"inLanguage\":\"es\"},{\"@type\":\"Organization\",\"@id\":\"https:\\\/\\\/sommelieredit.com\\\/es\\\/#organization\",\"name\":\"Sommelier Edit\",\"url\":\"https:\\\/\\\/sommelieredit.com\\\/es\\\/\",\"logo\":{\"@type\":\"ImageObject\",\"inLanguage\":\"es\",\"@id\":\"https:\\\/\\\/sommelieredit.com\\\/es\\\/#\\\/schema\\\/logo\\\/image\\\/\",\"url\":\"https:\\\/\\\/sommelieredit.com\\\/wp-content\\\/uploads\\\/2022\\\/12\\\/sommelier-edit-logo-og.png\",\"contentUrl\":\"https:\\\/\\\/sommelieredit.com\\\/wp-content\\\/uploads\\\/2022\\\/12\\\/sommelier-edit-logo-og.png\",\"width\":1200,\"height\":630,\"caption\":\"Sommelier Edit\"},\"image\":{\"@id\":\"https:\\\/\\\/sommelieredit.com\\\/es\\\/#\\\/schema\\\/logo\\\/image\\\/\"},\"sameAs\":[\"https:\\\/\\\/www.facebook.com\\\/sommelieredit\\\/\",\"https:\\\/\\\/x.com\\\/SommelierEdit\",\"https:\\\/\\\/www.instagram.com\\\/sommelieredit\\\/\",\"https:\\\/\\\/www.linkedin.com\\\/company\\\/sommelier-edit\\\/\",\"https:\\\/\\\/vimeo.com\\\/sommelieredit\"]}]}<\/script>\n<!-- \/ Yoast SEO plugin. -->","yoast_head_json":{"title":"Restablecimiento de la contrase\u00f1a | Sommelier Edit","robots":{"index":"noindex","follow":"follow"},"og_locale":"es_ES","og_type":"article","og_title":"Restablecimiento de la contrase\u00f1a | Sommelier Edit","og_url":"https:\/\/sommelieredit.com\/es\/restablecimiento-de-la-contrasena\/","og_site_name":"Sommelier Edit","article_publisher":"https:\/\/www.facebook.com\/sommelieredit\/","og_image":[{"width":1200,"height":630,"url":"https:\/\/sommelieredit.com\/wp-content\/uploads\/2022\/12\/sommelier-edit-logo-og.png","type":"image\/png"}],"twitter_card":"summary_large_image","twitter_site":"@SommelierEdit","schema":{"@context":"https:\/\/schema.org","@graph":[{"@type":"WebPage","@id":"https:\/\/sommelieredit.com\/es\/restablecimiento-de-la-contrasena\/","url":"https:\/\/sommelieredit.com\/es\/restablecimiento-de-la-contrasena\/","name":"Restablecimiento de la contrase\u00f1a | Sommelier Edit","isPartOf":{"@id":"https:\/\/sommelieredit.com\/es\/#website"},"datePublished":"2022-12-14T15:18:52+00:00","breadcrumb":{"@id":"https:\/\/sommelieredit.com\/es\/restablecimiento-de-la-contrasena\/#breadcrumb"},"inLanguage":"es","potentialAction":[{"@type":"ReadAction","target":["https:\/\/sommelieredit.com\/es\/restablecimiento-de-la-contrasena\/"]}]},{"@type":"BreadcrumbList","@id":"https:\/\/sommelieredit.com\/es\/restablecimiento-de-la-contrasena\/#breadcrumb","itemListElement":[{"@type":"ListItem","position":1,"name":"Home","item":"https:\/\/sommelieredit.com\/es\/"},{"@type":"ListItem","position":2,"name":"Restablecimiento de la contrase\u00f1a"}]},{"@type":"WebSite","@id":"https:\/\/sommelieredit.com\/es\/#website","url":"https:\/\/sommelieredit.com\/es\/","name":"Sommelier Edit","description":"","publisher":{"@id":"https:\/\/sommelieredit.com\/es\/#organization"},"potentialAction":[{"@type":"SearchAction","target":{"@type":"EntryPoint","urlTemplate":"https:\/\/sommelieredit.com\/es\/?s={search_term_string}"},"query-input":{"@type":"PropertyValueSpecification","valueRequired":true,"valueName":"search_term_string"}}],"inLanguage":"es"},{"@type":"Organization","@id":"https:\/\/sommelieredit.com\/es\/#organization","name":"Sommelier Edit","url":"https:\/\/sommelieredit.com\/es\/","logo":{"@type":"ImageObject","inLanguage":"es","@id":"https:\/\/sommelieredit.com\/es\/#\/schema\/logo\/image\/","url":"https:\/\/sommelieredit.com\/wp-content\/uploads\/2022\/12\/sommelier-edit-logo-og.png","contentUrl":"https:\/\/sommelieredit.com\/wp-content\/uploads\/2022\/12\/sommelier-edit-logo-og.png","width":1200,"height":630,"caption":"Sommelier Edit"},"image":{"@id":"https:\/\/sommelieredit.com\/es\/#\/schema\/logo\/image\/"},"sameAs":["https:\/\/www.facebook.com\/sommelieredit\/","https:\/\/x.com\/SommelierEdit","https:\/\/www.instagram.com\/sommelieredit\/","https:\/\/www.linkedin.com\/company\/sommelier-edit\/","https:\/\/vimeo.com\/sommelieredit"]}]}},"_links":{"self":[{"href":"https:\/\/sommelieredit.com\/es\/wp-json\/wp\/v2\/pages\/618","targetHints":{"allow":["GET"]}}],"collection":[{"href":"https:\/\/sommelieredit.com\/es\/wp-json\/wp\/v2\/pages"}],"about":[{"href":"https:\/\/sommelieredit.com\/es\/wp-json\/wp\/v2\/types\/page"}],"author":[{"embeddable":true,"href":"https:\/\/sommelieredit.com\/es\/wp-json\/wp\/v2\/users\/1"}],"replies":[{"embeddable":true,"href":"https:\/\/sommelieredit.com\/es\/wp-json\/wp\/v2\/comments?post=618"}],"version-history":[{"count":0,"href":"https:\/\/sommelieredit.com\/es\/wp-json\/wp\/v2\/pages\/618\/revisions"}],"wp:attachment":[{"href":"https:\/\/sommelieredit.com\/es\/wp-json\/wp\/v2\/media?parent=618"}],"curies":[{"name":"wp","href":"https:\/\/api.w.org\/{rel}","templated":true}]}}