{"id":14308,"date":"2026-04-09T16:42:41","date_gmt":"2026-04-09T15:42:41","guid":{"rendered":"https:\/\/sommelieredit.com\/?page_id=14308"},"modified":"2026-04-09T17:14:07","modified_gmt":"2026-04-09T16:14:07","slug":"soalheiro","status":"publish","type":"page","link":"https:\/\/sommelieredit.com\/es\/sponsors\/soalheiro\/","title":{"rendered":"Soalheiro"},"content":{"rendered":"<section class=\"wpb-content-wrapper\">[vc_row][vc_column][vc_single_image image=&#8221;14310&#8243; alignment=&#8221;center&#8221; onclick=&#8221;custom_link&#8221; img_link_target=&#8221;_blank&#8221; link=&#8221;https:\/\/soalheiro.com\/&#8221;][vc_empty_space][vc_column_text]\n<h3>About Soalheiro<\/h3>\n<p>The story of Soalheiro began in 1974, when\u00a0<strong>Jo\u00e3o Ant\u00f3nio Cerdeira,<\/strong>\u00a0with the help of his parents and his wife,<strong>\u00a0Palmira Cerdeira<\/strong>, decided to take a risk and plant the\u00a0<strong>first continuous Alvarinho vineyard in Melga\u00e7o<\/strong>. That plot, which gave the brand its name, was the starting point for a path filled with passion and pioneering spirit. In 1982, our winery was born and with it the first\u00a0<strong>\u201cCl\u00e1ssico\u201d<\/strong>\u00a0wine, which still today remains a symbol of our identity.[\/vc_column_text][vc_empty_space height=&#8221;16px&#8221;][vc_row_inner][vc_column_inner width=&#8221;1\/2&#8243;][vc_single_image image=&#8221;14346&#8243;][\/vc_column_inner][vc_column_inner width=&#8221;1\/2&#8243;][vc_single_image image=&#8221;14340&#8243;][\/vc_column_inner][\/vc_row_inner][vc_empty_space height=&#8221;16px&#8221;][vc_column_text]\n<h3>Our vineyards &amp; Viticulture<\/h3>\n<p>Historically, Vinho Verde has always been densely populated because of the fertility of the land, resulting that the size of land per family would be very small. This distinctive characteristic is still true in our Territory in Mon\u00e7\u00e3o and Melga\u00e7o, where the parcels of vineyards remain very small. These plots are therefore treated like gardens by the families that, other than grape-growing, have other professional occupations and take care of their vineyards at the end of the working day and on weekends. Our story is the story of one of these families that created lifelong partnerships with other families in the region \u2014the story of one vineyard that is now a Territory.[\/vc_column_text][vc_empty_space height=&#8221;16px&#8221;][vc_row_inner][vc_column_inner width=&#8221;1\/4&#8243;][vc_single_image image=&#8221;14328&#8243;][\/vc_column_inner][vc_column_inner width=&#8221;1\/4&#8243;][vc_single_image image=&#8221;14322&#8243;][\/vc_column_inner][vc_column_inner width=&#8221;1\/4&#8243;][vc_single_image image=&#8221;14316&#8243;][\/vc_column_inner][vc_column_inner width=&#8221;1\/4&#8243;][vc_single_image image=&#8221;14334&#8243;][\/vc_column_inner][\/vc_row_inner][\/vc_column][\/vc_row][vc_row full_width=&#8221;stretch_row&#8221; css=&#8221;.vc_custom_1714486583502{background-color: #678ca5 !important;}&#8221;][vc_column width=&#8221;1\/4&#8243;][vc_empty_space height=&#8221;48px&#8221;][vc_single_image image=&#8221;9727&#8243; onclick=&#8221;custom_link&#8221; link=&#8221;https:\/\/sommelieredit.com\/pt\/top-100-sommeliers\/&#8221;][\/vc_column][vc_column width=&#8221;3\/4&#8243;][vc_empty_space height=&#8221;20px&#8221;][vc_column_text color=&#8221;#ffffff&#8221;]\n<blockquote><p>Quote<\/p><\/blockquote>\n[\/vc_column_text][\/vc_column][\/vc_row][vc_row][vc_column][vc_empty_space][vc_single_image image=&#8221;11199&#8243; img_size=&#8221;medium&#8221; alignment=&#8221;center&#8221; onclick=&#8221;custom_link&#8221; img_link_target=&#8221;_blank&#8221; link=&#8221;https:\/\/soalheiro.com\/&#8221;]<div class=\"vcex-spacing wpex-w-100 wpex-clear\"><\/div><div class=\"theme-button-wrap textcenter wpex-clr\"><a href=\"https:\/\/soalheiro.com\/\" class=\"vcex-button theme-button medium align-center inline\"><span class=\"theme-button-inner\">More details<\/span><\/a><\/div> <div class=\"vcex-spacing wpex-w-100 wpex-clear\"><\/div><div class=\"theme-button-wrap textcenter wpex-clr\"><a href=\"mailto:martacaldas@soalheiro.com\" class=\"vcex-button theme-button medium align-center inline\"><span class=\"theme-button-inner\">Trade enquiries<\/span><\/a><\/div> [\/vc_column][\/vc_row]\n<\/section>","protected":false},"excerpt":{"rendered":"<p>[vc_row][vc_column][vc_single_image image=&#8221;14310&#8243; alignment=&#8221;center&#8221; onclick=&#8221;custom_link&#8221; img_link_target=&#8221;_blank&#8221; link=&#8221;https:\/\/soalheiro.com\/&#8221;][vc_empty_space][vc_column_text] About Soalheiro The story of Soalheiro began in 1974, when\u00a0Jo\u00e3o Ant\u00f3nio Cerdeira,\u00a0with the help of his parents and his wife,\u00a0Palmira Cerdeira, decided to take&hellip;<\/p>\n","protected":false},"author":17,"featured_media":0,"parent":1996,"menu_order":0,"comment_status":"closed","ping_status":"closed","template":"","meta":{"_acf_changed":false,"footnotes":""},"class_list":["post-14308","page","type-page","status-publish","hentry","entry","no-media"],"acf":[],"yoast_head":"<!-- This site is optimized with the Yoast SEO plugin v27.3 - https:\/\/yoast.com\/product\/yoast-seo-wordpress\/ -->\n<title>Soalheiro | Sommelier Edit<\/title>\n<meta name=\"description\" content=\"Soalheiro&#039;s long-standing relationship with the sommelier community strengthened by partnering with the Top 100 Sommeliers initiative.\" \/>\n<meta name=\"robots\" content=\"index, follow, max-snippet:-1, max-image-preview:large, max-video-preview:-1\" \/>\n<link rel=\"canonical\" href=\"https:\/\/sommelieredit.com\/es\/sponsors\/soalheiro\/\" \/>\n<meta property=\"og:locale\" content=\"es_ES\" \/>\n<meta property=\"og:type\" content=\"article\" \/>\n<meta property=\"og:title\" content=\"Soalheiro | Sommelier Edit\" \/>\n<meta property=\"og:description\" content=\"Soalheiro&#039;s long-standing relationship with the sommelier community strengthened by partnering with the Top 100 Sommeliers initiative.\" \/>\n<meta property=\"og:url\" content=\"https:\/\/sommelieredit.com\/es\/sponsors\/soalheiro\/\" \/>\n<meta property=\"og:site_name\" content=\"Sommelier Edit\" \/>\n<meta property=\"article:publisher\" content=\"https:\/\/www.facebook.com\/sommelieredit\/\" \/>\n<meta property=\"article:modified_time\" content=\"2026-04-09T16:14:07+00:00\" \/>\n<meta property=\"og:image\" content=\"https:\/\/sommelieredit.com\/wp-content\/uploads\/2022\/12\/sommelier-edit-logo-og.png\" \/>\n\t<meta property=\"og:image:width\" content=\"1200\" \/>\n\t<meta property=\"og:image:height\" content=\"630\" \/>\n\t<meta property=\"og:image:type\" content=\"image\/png\" \/>\n<meta name=\"twitter:card\" content=\"summary_large_image\" \/>\n<meta name=\"twitter:site\" content=\"@SommelierEdit\" \/>\n<meta name=\"twitter:label1\" content=\"Tiempo de lectura\" \/>\n\t<meta name=\"twitter:data1\" content=\"3 minutos\" \/>\n<script type=\"application\/ld+json\" class=\"yoast-schema-graph\">{\"@context\":\"https:\\\/\\\/schema.org\",\"@graph\":[{\"@type\":\"WebPage\",\"@id\":\"https:\\\/\\\/sommelieredit.com\\\/es\\\/sponsors\\\/soalheiro\\\/\",\"url\":\"https:\\\/\\\/sommelieredit.com\\\/es\\\/sponsors\\\/soalheiro\\\/\",\"name\":\"Soalheiro | Sommelier Edit\",\"isPartOf\":{\"@id\":\"https:\\\/\\\/sommelieredit.com\\\/es\\\/#website\"},\"datePublished\":\"2026-04-09T15:42:41+00:00\",\"dateModified\":\"2026-04-09T16:14:07+00:00\",\"description\":\"Soalheiro's long-standing relationship with the sommelier community strengthened by partnering with the Top 100 Sommeliers initiative.\",\"breadcrumb\":{\"@id\":\"https:\\\/\\\/sommelieredit.com\\\/es\\\/sponsors\\\/soalheiro\\\/#breadcrumb\"},\"inLanguage\":\"es\",\"potentialAction\":[{\"@type\":\"ReadAction\",\"target\":[\"https:\\\/\\\/sommelieredit.com\\\/es\\\/sponsors\\\/soalheiro\\\/\"]}]},{\"@type\":\"BreadcrumbList\",\"@id\":\"https:\\\/\\\/sommelieredit.com\\\/es\\\/sponsors\\\/soalheiro\\\/#breadcrumb\",\"itemListElement\":[{\"@type\":\"ListItem\",\"position\":1,\"name\":\"Home\",\"item\":\"https:\\\/\\\/sommelieredit.com\\\/es\\\/\"},{\"@type\":\"ListItem\",\"position\":2,\"name\":\"Sponsors\",\"item\":\"https:\\\/\\\/sommelieredit.com\\\/es\\\/sponsors\\\/\"},{\"@type\":\"ListItem\",\"position\":3,\"name\":\"Soalheiro\"}]},{\"@type\":\"WebSite\",\"@id\":\"https:\\\/\\\/sommelieredit.com\\\/es\\\/#website\",\"url\":\"https:\\\/\\\/sommelieredit.com\\\/es\\\/\",\"name\":\"Sommelier Edit\",\"description\":\"\",\"publisher\":{\"@id\":\"https:\\\/\\\/sommelieredit.com\\\/es\\\/#organization\"},\"potentialAction\":[{\"@type\":\"SearchAction\",\"target\":{\"@type\":\"EntryPoint\",\"urlTemplate\":\"https:\\\/\\\/sommelieredit.com\\\/es\\\/?s={search_term_string}\"},\"query-input\":{\"@type\":\"PropertyValueSpecification\",\"valueRequired\":true,\"valueName\":\"search_term_string\"}}],\"inLanguage\":\"es\"},{\"@type\":\"Organization\",\"@id\":\"https:\\\/\\\/sommelieredit.com\\\/es\\\/#organization\",\"name\":\"Sommelier Edit\",\"url\":\"https:\\\/\\\/sommelieredit.com\\\/es\\\/\",\"logo\":{\"@type\":\"ImageObject\",\"inLanguage\":\"es\",\"@id\":\"https:\\\/\\\/sommelieredit.com\\\/es\\\/#\\\/schema\\\/logo\\\/image\\\/\",\"url\":\"https:\\\/\\\/sommelieredit.com\\\/wp-content\\\/uploads\\\/2022\\\/12\\\/sommelier-edit-logo-og.png\",\"contentUrl\":\"https:\\\/\\\/sommelieredit.com\\\/wp-content\\\/uploads\\\/2022\\\/12\\\/sommelier-edit-logo-og.png\",\"width\":1200,\"height\":630,\"caption\":\"Sommelier Edit\"},\"image\":{\"@id\":\"https:\\\/\\\/sommelieredit.com\\\/es\\\/#\\\/schema\\\/logo\\\/image\\\/\"},\"sameAs\":[\"https:\\\/\\\/www.facebook.com\\\/sommelieredit\\\/\",\"https:\\\/\\\/x.com\\\/SommelierEdit\",\"https:\\\/\\\/www.instagram.com\\\/sommelieredit\\\/\",\"https:\\\/\\\/www.linkedin.com\\\/company\\\/sommelier-edit\\\/\",\"https:\\\/\\\/vimeo.com\\\/sommelieredit\"]}]}<\/script>\n<!-- \/ Yoast SEO plugin. -->","yoast_head_json":{"title":"Soalheiro | Sommelier Edit","description":"Soalheiro's long-standing relationship with the sommelier community strengthened by partnering with the Top 100 Sommeliers initiative.","robots":{"index":"index","follow":"follow","max-snippet":"max-snippet:-1","max-image-preview":"max-image-preview:large","max-video-preview":"max-video-preview:-1"},"canonical":"https:\/\/sommelieredit.com\/es\/sponsors\/soalheiro\/","og_locale":"es_ES","og_type":"article","og_title":"Soalheiro | Sommelier Edit","og_description":"Soalheiro's long-standing relationship with the sommelier community strengthened by partnering with the Top 100 Sommeliers initiative.","og_url":"https:\/\/sommelieredit.com\/es\/sponsors\/soalheiro\/","og_site_name":"Sommelier Edit","article_publisher":"https:\/\/www.facebook.com\/sommelieredit\/","article_modified_time":"2026-04-09T16:14:07+00:00","og_image":[{"width":1200,"height":630,"url":"https:\/\/sommelieredit.com\/wp-content\/uploads\/2022\/12\/sommelier-edit-logo-og.png","type":"image\/png"}],"twitter_card":"summary_large_image","twitter_site":"@SommelierEdit","twitter_misc":{"Tiempo de lectura":"3 minutos"},"schema":{"@context":"https:\/\/schema.org","@graph":[{"@type":"WebPage","@id":"https:\/\/sommelieredit.com\/es\/sponsors\/soalheiro\/","url":"https:\/\/sommelieredit.com\/es\/sponsors\/soalheiro\/","name":"Soalheiro | Sommelier Edit","isPartOf":{"@id":"https:\/\/sommelieredit.com\/es\/#website"},"datePublished":"2026-04-09T15:42:41+00:00","dateModified":"2026-04-09T16:14:07+00:00","description":"Soalheiro's long-standing relationship with the sommelier community strengthened by partnering with the Top 100 Sommeliers initiative.","breadcrumb":{"@id":"https:\/\/sommelieredit.com\/es\/sponsors\/soalheiro\/#breadcrumb"},"inLanguage":"es","potentialAction":[{"@type":"ReadAction","target":["https:\/\/sommelieredit.com\/es\/sponsors\/soalheiro\/"]}]},{"@type":"BreadcrumbList","@id":"https:\/\/sommelieredit.com\/es\/sponsors\/soalheiro\/#breadcrumb","itemListElement":[{"@type":"ListItem","position":1,"name":"Home","item":"https:\/\/sommelieredit.com\/es\/"},{"@type":"ListItem","position":2,"name":"Sponsors","item":"https:\/\/sommelieredit.com\/es\/sponsors\/"},{"@type":"ListItem","position":3,"name":"Soalheiro"}]},{"@type":"WebSite","@id":"https:\/\/sommelieredit.com\/es\/#website","url":"https:\/\/sommelieredit.com\/es\/","name":"Sommelier Edit","description":"","publisher":{"@id":"https:\/\/sommelieredit.com\/es\/#organization"},"potentialAction":[{"@type":"SearchAction","target":{"@type":"EntryPoint","urlTemplate":"https:\/\/sommelieredit.com\/es\/?s={search_term_string}"},"query-input":{"@type":"PropertyValueSpecification","valueRequired":true,"valueName":"search_term_string"}}],"inLanguage":"es"},{"@type":"Organization","@id":"https:\/\/sommelieredit.com\/es\/#organization","name":"Sommelier Edit","url":"https:\/\/sommelieredit.com\/es\/","logo":{"@type":"ImageObject","inLanguage":"es","@id":"https:\/\/sommelieredit.com\/es\/#\/schema\/logo\/image\/","url":"https:\/\/sommelieredit.com\/wp-content\/uploads\/2022\/12\/sommelier-edit-logo-og.png","contentUrl":"https:\/\/sommelieredit.com\/wp-content\/uploads\/2022\/12\/sommelier-edit-logo-og.png","width":1200,"height":630,"caption":"Sommelier Edit"},"image":{"@id":"https:\/\/sommelieredit.com\/es\/#\/schema\/logo\/image\/"},"sameAs":["https:\/\/www.facebook.com\/sommelieredit\/","https:\/\/x.com\/SommelierEdit","https:\/\/www.instagram.com\/sommelieredit\/","https:\/\/www.linkedin.com\/company\/sommelier-edit\/","https:\/\/vimeo.com\/sommelieredit"]}]}},"_links":{"self":[{"href":"https:\/\/sommelieredit.com\/es\/wp-json\/wp\/v2\/pages\/14308","targetHints":{"allow":["GET"]}}],"collection":[{"href":"https:\/\/sommelieredit.com\/es\/wp-json\/wp\/v2\/pages"}],"about":[{"href":"https:\/\/sommelieredit.com\/es\/wp-json\/wp\/v2\/types\/page"}],"author":[{"embeddable":true,"href":"https:\/\/sommelieredit.com\/es\/wp-json\/wp\/v2\/users\/17"}],"replies":[{"embeddable":true,"href":"https:\/\/sommelieredit.com\/es\/wp-json\/wp\/v2\/comments?post=14308"}],"version-history":[{"count":6,"href":"https:\/\/sommelieredit.com\/es\/wp-json\/wp\/v2\/pages\/14308\/revisions"}],"predecessor-version":[{"id":14370,"href":"https:\/\/sommelieredit.com\/es\/wp-json\/wp\/v2\/pages\/14308\/revisions\/14370"}],"up":[{"embeddable":true,"href":"https:\/\/sommelieredit.com\/es\/wp-json\/wp\/v2\/pages\/1996"}],"wp:attachment":[{"href":"https:\/\/sommelieredit.com\/es\/wp-json\/wp\/v2\/media?parent=14308"}],"curies":[{"name":"wp","href":"https:\/\/api.w.org\/{rel}","templated":true}]}}