{"id":1236,"date":"2023-02-21T09:40:16","date_gmt":"2023-02-21T09:40:16","guid":{"rendered":"https:\/\/sommelieredit.com\/presentacion-del-evento\/"},"modified":"2023-04-13T14:25:44","modified_gmt":"2023-04-13T13:25:44","slug":"presentacion-del-evento","status":"publish","type":"page","link":"https:\/\/sommelieredit.com\/es\/presentacion-del-evento\/","title":{"rendered":"Eventos"},"content":{"rendered":"<section class=\"wpb-content-wrapper\">[vc_row][vc_column][vc_column_text]\n<h1>\u00danase hoy mismo a los eventos exclusivos para socios<\/h1>\n<p><span style=\"color: var(--wpex-text-2);\"><a href=\"https:\/\/sommelieredit.com\/es\/afiliarse\/\">Los miembros profesionales<\/a> de Sommelier Edit tienen la oportunidad de asistir a diversos eventos a lo largo del a\u00f1o. Dise\u00f1ado y organizado exclusivamente para sumilleres y barmans, cada acto se centrar\u00e1 en la formaci\u00f3n, pero tambi\u00e9n ofrecer\u00e1 oportunidades para establecer contactos y experiencia pr\u00e1ctica.<\/span><\/p>\n<p><span style=\"color: var(--wpex-text-2);\">Todos los eventos est\u00e1n organizados por el experimentado equipo de Sommelier Edit y las empresas afiliadas.  <\/span><\/p>\n<p><span style=\"color: var(--wpex-text-2);\">Los eventos, abiertos s\u00f3lo a los miembros, incluyen:<\/span><\/p>\n<ul>\n<li>Cursos de vino<\/li>\n<li>Catas dirigidas<\/li>\n<li>Clases magistrales<\/li>\n<li>Visitas a bodegas y visitas privadas<\/li>\n<li>Catas a ciegas<\/li>\n<li>Sesiones para conocer a los creadores<\/li>\n<li>y m\u00e1s&#8230;<\/li>\n<\/ul>\n<p>Es <a href=\"https:\/\/sommelieredit.com\/es\/afiliarse\/\">GRATIS unirse a Sommelier Edit como miembro profesional<\/a>, si tiene un empleo y trabaja en un restaurante o bar. S\u00f3lo tiene que rellenar el formulario de solicitud para afiliarse hoy mismo.[\/vc_column_text][\/vc_column][\/vc_row][vc_row][vc_column]<figure class=\"vcex-image vcex-module wpex-clr\"><div class=\"vcex-image-inner wpex-relative wpex-inline-block\"><img decoding=\"async\" loading=\"lazy\" class=\"wpex-align-middle\" src=\"https:\/\/sommelieredit.com\/wp-content\/uploads\/2023\/04\/Hundred-Hills-private-tour.jpg\" alt=\"Hundred Hills Private Tour\" srcset=\"https:\/\/sommelieredit.com\/wp-content\/uploads\/2023\/04\/Hundred-Hills-private-tour.jpg 980w, https:\/\/sommelieredit.com\/wp-content\/uploads\/2023\/04\/Hundred-Hills-private-tour-300x169.jpg 300w, https:\/\/sommelieredit.com\/wp-content\/uploads\/2023\/04\/Hundred-Hills-private-tour-768x432.jpg 768w\" width=\"980\" height=\"551\"><\/div><figcaption class=\"vcex-image-caption wpex-mt-10\">Hundred Hills private tour and tasting for Sommelier Edit members<\/figcaption><\/figure>[\/vc_column][\/vc_row]\n<\/section>","protected":false},"excerpt":{"rendered":"<p>[vc_row][vc_column][vc_column_text] \u00danase hoy mismo a los eventos exclusivos para socios Los miembros profesionales de Sommelier Edit tienen la oportunidad de asistir a diversos eventos a lo largo del a\u00f1o. Dise\u00f1ado&hellip;<\/p>\n","protected":false},"author":20,"featured_media":0,"parent":0,"menu_order":0,"comment_status":"closed","ping_status":"closed","template":"","meta":{"_acf_changed":false,"footnotes":""},"class_list":["post-1236","page","type-page","status-publish","hentry","entry","no-media"],"acf":[],"yoast_head":"<!-- This site is optimized with the Yoast SEO plugin v27.4 - https:\/\/yoast.com\/product\/yoast-seo-wordpress\/ -->\n<title>Eventos | Sommelier Edit<\/title>\n<meta name=\"description\" content=\"\u00danase a Sommelier Edit como miembro profesional para registrarse en eventos de degustaci\u00f3n exclusivos y gratuitos dise\u00f1ados para sumilleres y bartenders.\" \/>\n<meta name=\"robots\" content=\"index, follow, max-snippet:-1, max-image-preview:large, max-video-preview:-1\" \/>\n<link rel=\"canonical\" href=\"https:\/\/sommelieredit.com\/es\/presentacion-del-evento\/\" \/>\n<meta property=\"og:locale\" content=\"es_ES\" \/>\n<meta property=\"og:type\" content=\"article\" \/>\n<meta property=\"og:title\" content=\"Eventos | Sommelier Edit\" \/>\n<meta property=\"og:description\" content=\"\u00danase a Sommelier Edit como miembro profesional para registrarse en eventos de degustaci\u00f3n exclusivos y gratuitos dise\u00f1ados para sumilleres y bartenders.\" \/>\n<meta property=\"og:url\" content=\"https:\/\/sommelieredit.com\/es\/presentacion-del-evento\/\" \/>\n<meta property=\"og:site_name\" content=\"Sommelier Edit\" \/>\n<meta property=\"article:publisher\" content=\"https:\/\/www.facebook.com\/sommelieredit\/\" \/>\n<meta property=\"article:modified_time\" content=\"2023-04-13T13:25:44+00:00\" \/>\n<meta property=\"og:image\" content=\"https:\/\/sommelieredit.com\/wp-content\/uploads\/2022\/12\/sommelier-edit-logo-og.png\" \/>\n\t<meta property=\"og:image:width\" content=\"1200\" \/>\n\t<meta property=\"og:image:height\" content=\"630\" \/>\n\t<meta property=\"og:image:type\" content=\"image\/png\" \/>\n<meta name=\"twitter:card\" content=\"summary_large_image\" \/>\n<meta name=\"twitter:site\" content=\"@SommelierEdit\" \/>\n<meta name=\"twitter:label1\" content=\"Tiempo de lectura\" \/>\n\t<meta name=\"twitter:data1\" content=\"1 minuto\" \/>\n<script type=\"application\/ld+json\" class=\"yoast-schema-graph\">{\"@context\":\"https:\\\/\\\/schema.org\",\"@graph\":[{\"@type\":\"WebPage\",\"@id\":\"https:\\\/\\\/sommelieredit.com\\\/es\\\/presentacion-del-evento\\\/\",\"url\":\"https:\\\/\\\/sommelieredit.com\\\/es\\\/presentacion-del-evento\\\/\",\"name\":\"Eventos | Sommelier Edit\",\"isPartOf\":{\"@id\":\"https:\\\/\\\/sommelieredit.com\\\/es\\\/#website\"},\"datePublished\":\"2023-02-21T09:40:16+00:00\",\"dateModified\":\"2023-04-13T13:25:44+00:00\",\"description\":\"\u00danase a Sommelier Edit como miembro profesional para registrarse en eventos de degustaci\u00f3n exclusivos y gratuitos dise\u00f1ados para sumilleres y bartenders.\",\"breadcrumb\":{\"@id\":\"https:\\\/\\\/sommelieredit.com\\\/es\\\/presentacion-del-evento\\\/#breadcrumb\"},\"inLanguage\":\"es\",\"potentialAction\":[{\"@type\":\"ReadAction\",\"target\":[\"https:\\\/\\\/sommelieredit.com\\\/es\\\/presentacion-del-evento\\\/\"]}]},{\"@type\":\"BreadcrumbList\",\"@id\":\"https:\\\/\\\/sommelieredit.com\\\/es\\\/presentacion-del-evento\\\/#breadcrumb\",\"itemListElement\":[{\"@type\":\"ListItem\",\"position\":1,\"name\":\"Home\",\"item\":\"https:\\\/\\\/sommelieredit.com\\\/es\\\/\"},{\"@type\":\"ListItem\",\"position\":2,\"name\":\"Eventos\"}]},{\"@type\":\"WebSite\",\"@id\":\"https:\\\/\\\/sommelieredit.com\\\/es\\\/#website\",\"url\":\"https:\\\/\\\/sommelieredit.com\\\/es\\\/\",\"name\":\"Sommelier Edit\",\"description\":\"\",\"publisher\":{\"@id\":\"https:\\\/\\\/sommelieredit.com\\\/es\\\/#organization\"},\"potentialAction\":[{\"@type\":\"SearchAction\",\"target\":{\"@type\":\"EntryPoint\",\"urlTemplate\":\"https:\\\/\\\/sommelieredit.com\\\/es\\\/?s={search_term_string}\"},\"query-input\":{\"@type\":\"PropertyValueSpecification\",\"valueRequired\":true,\"valueName\":\"search_term_string\"}}],\"inLanguage\":\"es\"},{\"@type\":\"Organization\",\"@id\":\"https:\\\/\\\/sommelieredit.com\\\/es\\\/#organization\",\"name\":\"Sommelier Edit\",\"url\":\"https:\\\/\\\/sommelieredit.com\\\/es\\\/\",\"logo\":{\"@type\":\"ImageObject\",\"inLanguage\":\"es\",\"@id\":\"https:\\\/\\\/sommelieredit.com\\\/es\\\/#\\\/schema\\\/logo\\\/image\\\/\",\"url\":\"https:\\\/\\\/sommelieredit.com\\\/wp-content\\\/uploads\\\/2022\\\/12\\\/sommelier-edit-logo-og.png\",\"contentUrl\":\"https:\\\/\\\/sommelieredit.com\\\/wp-content\\\/uploads\\\/2022\\\/12\\\/sommelier-edit-logo-og.png\",\"width\":1200,\"height\":630,\"caption\":\"Sommelier Edit\"},\"image\":{\"@id\":\"https:\\\/\\\/sommelieredit.com\\\/es\\\/#\\\/schema\\\/logo\\\/image\\\/\"},\"sameAs\":[\"https:\\\/\\\/www.facebook.com\\\/sommelieredit\\\/\",\"https:\\\/\\\/x.com\\\/SommelierEdit\",\"https:\\\/\\\/www.instagram.com\\\/sommelieredit\\\/\",\"https:\\\/\\\/www.linkedin.com\\\/company\\\/sommelier-edit\\\/\",\"https:\\\/\\\/vimeo.com\\\/sommelieredit\"]}]}<\/script>\n<!-- \/ Yoast SEO plugin. -->","yoast_head_json":{"title":"Eventos | Sommelier Edit","description":"\u00danase a Sommelier Edit como miembro profesional para registrarse en eventos de degustaci\u00f3n exclusivos y gratuitos dise\u00f1ados para sumilleres y bartenders.","robots":{"index":"index","follow":"follow","max-snippet":"max-snippet:-1","max-image-preview":"max-image-preview:large","max-video-preview":"max-video-preview:-1"},"canonical":"https:\/\/sommelieredit.com\/es\/presentacion-del-evento\/","og_locale":"es_ES","og_type":"article","og_title":"Eventos | Sommelier Edit","og_description":"\u00danase a Sommelier Edit como miembro profesional para registrarse en eventos de degustaci\u00f3n exclusivos y gratuitos dise\u00f1ados para sumilleres y bartenders.","og_url":"https:\/\/sommelieredit.com\/es\/presentacion-del-evento\/","og_site_name":"Sommelier Edit","article_publisher":"https:\/\/www.facebook.com\/sommelieredit\/","article_modified_time":"2023-04-13T13:25:44+00:00","og_image":[{"width":1200,"height":630,"url":"https:\/\/sommelieredit.com\/wp-content\/uploads\/2022\/12\/sommelier-edit-logo-og.png","type":"image\/png"}],"twitter_card":"summary_large_image","twitter_site":"@SommelierEdit","twitter_misc":{"Tiempo de lectura":"1 minuto"},"schema":{"@context":"https:\/\/schema.org","@graph":[{"@type":"WebPage","@id":"https:\/\/sommelieredit.com\/es\/presentacion-del-evento\/","url":"https:\/\/sommelieredit.com\/es\/presentacion-del-evento\/","name":"Eventos | Sommelier Edit","isPartOf":{"@id":"https:\/\/sommelieredit.com\/es\/#website"},"datePublished":"2023-02-21T09:40:16+00:00","dateModified":"2023-04-13T13:25:44+00:00","description":"\u00danase a Sommelier Edit como miembro profesional para registrarse en eventos de degustaci\u00f3n exclusivos y gratuitos dise\u00f1ados para sumilleres y bartenders.","breadcrumb":{"@id":"https:\/\/sommelieredit.com\/es\/presentacion-del-evento\/#breadcrumb"},"inLanguage":"es","potentialAction":[{"@type":"ReadAction","target":["https:\/\/sommelieredit.com\/es\/presentacion-del-evento\/"]}]},{"@type":"BreadcrumbList","@id":"https:\/\/sommelieredit.com\/es\/presentacion-del-evento\/#breadcrumb","itemListElement":[{"@type":"ListItem","position":1,"name":"Home","item":"https:\/\/sommelieredit.com\/es\/"},{"@type":"ListItem","position":2,"name":"Eventos"}]},{"@type":"WebSite","@id":"https:\/\/sommelieredit.com\/es\/#website","url":"https:\/\/sommelieredit.com\/es\/","name":"Sommelier Edit","description":"","publisher":{"@id":"https:\/\/sommelieredit.com\/es\/#organization"},"potentialAction":[{"@type":"SearchAction","target":{"@type":"EntryPoint","urlTemplate":"https:\/\/sommelieredit.com\/es\/?s={search_term_string}"},"query-input":{"@type":"PropertyValueSpecification","valueRequired":true,"valueName":"search_term_string"}}],"inLanguage":"es"},{"@type":"Organization","@id":"https:\/\/sommelieredit.com\/es\/#organization","name":"Sommelier Edit","url":"https:\/\/sommelieredit.com\/es\/","logo":{"@type":"ImageObject","inLanguage":"es","@id":"https:\/\/sommelieredit.com\/es\/#\/schema\/logo\/image\/","url":"https:\/\/sommelieredit.com\/wp-content\/uploads\/2022\/12\/sommelier-edit-logo-og.png","contentUrl":"https:\/\/sommelieredit.com\/wp-content\/uploads\/2022\/12\/sommelier-edit-logo-og.png","width":1200,"height":630,"caption":"Sommelier Edit"},"image":{"@id":"https:\/\/sommelieredit.com\/es\/#\/schema\/logo\/image\/"},"sameAs":["https:\/\/www.facebook.com\/sommelieredit\/","https:\/\/x.com\/SommelierEdit","https:\/\/www.instagram.com\/sommelieredit\/","https:\/\/www.linkedin.com\/company\/sommelier-edit\/","https:\/\/vimeo.com\/sommelieredit"]}]}},"_links":{"self":[{"href":"https:\/\/sommelieredit.com\/es\/wp-json\/wp\/v2\/pages\/1236","targetHints":{"allow":["GET"]}}],"collection":[{"href":"https:\/\/sommelieredit.com\/es\/wp-json\/wp\/v2\/pages"}],"about":[{"href":"https:\/\/sommelieredit.com\/es\/wp-json\/wp\/v2\/types\/page"}],"author":[{"embeddable":true,"href":"https:\/\/sommelieredit.com\/es\/wp-json\/wp\/v2\/users\/20"}],"replies":[{"embeddable":true,"href":"https:\/\/sommelieredit.com\/es\/wp-json\/wp\/v2\/comments?post=1236"}],"version-history":[{"count":4,"href":"https:\/\/sommelieredit.com\/es\/wp-json\/wp\/v2\/pages\/1236\/revisions"}],"predecessor-version":[{"id":1893,"href":"https:\/\/sommelieredit.com\/es\/wp-json\/wp\/v2\/pages\/1236\/revisions\/1893"}],"wp:attachment":[{"href":"https:\/\/sommelieredit.com\/es\/wp-json\/wp\/v2\/media?parent=1236"}],"curies":[{"name":"wp","href":"https:\/\/api.w.org\/{rel}","templated":true}]}}