{"id":10217,"date":"2025-11-25T16:13:22","date_gmt":"2025-11-25T16:13:22","guid":{"rendered":"https:\/\/sommelieredit.com\/?page_id=10217"},"modified":"2026-01-13T09:56:25","modified_gmt":"2026-01-13T09:56:25","slug":"sommeliers-sommelier-2026","status":"publish","type":"page","link":"https:\/\/sommelieredit.com\/es\/sommeliers-sommelier-2026\/","title":{"rendered":"Sommelier&#8217;s Sommelier"},"content":{"rendered":"<section class=\"wpb-content-wrapper\">[vc_row][vc_column][vc_column_text]\n<p style=\"text-align: center;\"><img loading=\"lazy\" decoding=\"async\" class=\"aligncenter size-medium wp-image-10218\" src=\"https:\/\/sommelieredit.com\/wp-content\/uploads\/2025\/11\/Somms-Somm-2026_es-300x300.png\" alt=\"\" width=\"300\" height=\"300\" srcset=\"https:\/\/sommelieredit.com\/wp-content\/uploads\/2025\/11\/Somms-Somm-2026_es-300x300.png 300w, https:\/\/sommelieredit.com\/wp-content\/uploads\/2025\/11\/Somms-Somm-2026_es-150x150.png 150w, https:\/\/sommelieredit.com\/wp-content\/uploads\/2025\/11\/Somms-Somm-2026_es-768x768.png 768w, https:\/\/sommelieredit.com\/wp-content\/uploads\/2025\/11\/Somms-Somm-2026_es.png 1000w\" sizes=\"auto, (max-width: 300px) 100vw, 300px\" \/><\/p>\n<p style=\"text-align: center;\">Como parte de los <strong>Top 100 Sommeliers Alumni<\/strong>,\u00a0 eres elegible para votar por el <strong>Premio Sommelier del Sommelier 2026<\/strong>.<\/p>\n<p>Este nuevo galard\u00f3n ha sido creado a petici\u00f3n de los miembros de Sommelier Edit. El <strong>Sommelier del Sommelier<\/strong> ser\u00e1 otorgado a un profesional que haya sido incluido en el <strong>Top 100\u00a0 el 2024 y 2025<\/strong> (incluidos todos los ganadores de premios especiales). El galardonado ser\u00e1 alguien que sus compa\u00f1eros hayan votado como un profesional sobresaliente y como un verdadero <strong>embajador del servicio en sala<\/strong>.<\/p>\n<h3 style=\"text-align: center;\" data-start=\"634\" data-end=\"648\"><strong data-start=\"634\" data-end=\"648\">C\u00f3mo votar<\/strong><\/h3>\n<p style=\"text-align: center;\" data-start=\"650\" data-end=\"814\">Por favor, no compartas este enlace; solo es v\u00e1lido para aquellos nombrados en el <strong>Top 100 Sommeliers 2024 y 2025.<\/strong><\/p>\n<h3 style=\"text-align: center;\" data-start=\"650\" data-end=\"814\"><strong data-start=\"796\" data-end=\"814\">Env\u00eda tu voto<\/strong><\/h3>\n<p><strong>Solo se puede votar una vez<\/strong>. Si ya has votado previamente y deseas actualizar tu nominaci\u00f3n, simplemente env\u00eda un nuevo voto. Solo se contar\u00e1 tu voto m\u00e1s reciente.<\/p>\n<p>Tu voto debe ser para un sommelier que trabaje a tiempo completo en <strong>Espa\u00f1a.<\/strong><\/p>\n<p style=\"text-align: center;\">La lista completa de candidatos potenciales se puede encontrar en [Resultados del Top 100 Sommeliers].<\/p>\n<h3 style=\"text-align: center;\"><strong>VOTACI\u00d3N CERRADA: Lunes, 12 de enero de 2026.<\/strong><\/h3>\n[\/vc_column_text][vc_column_text]\n<h1 style=\"text-align: center;\" data-pm-slice=\"1 1 []\"><a href=\"https:\/\/sommelieredit.com\/es\/event\/sumiller-de-sumilleres-espana-2026\/\">INVITACI\u00d3N ABIERTA<\/a><\/h1>\n<h3 style=\"text-align: center;\" data-pm-slice=\"1 1 []\">Presentaci\u00f3n inaugural del Premio <strong>Sommelier\u2019s del Sommelier<\/strong><\/h3>\n<p style=\"text-align: center;\"><a href=\"https:\/\/sommelieredit.com\/es\/event\/sumiller-de-sumilleres-espana-2026\/\">Sumiller de Sumilleres Espa\u00f1a 2026<\/a><\/p>\n[\/vc_column_text][vc_single_image image=&#8221;10225&#8243; alignment=&#8221;center&#8221;][\/vc_column][\/vc_row]\n<\/section>","protected":false},"excerpt":{"rendered":"<p>[vc_row][vc_column][vc_column_text] Como parte de los Top 100 Sommeliers Alumni,\u00a0 eres elegible para votar por el Premio Sommelier del Sommelier 2026. Este nuevo galard\u00f3n ha sido creado a petici\u00f3n de los&hellip;<\/p>\n","protected":false},"author":17,"featured_media":0,"parent":0,"menu_order":0,"comment_status":"closed","ping_status":"closed","template":"","meta":{"_acf_changed":false,"footnotes":""},"class_list":["post-10217","page","type-page","status-publish","hentry","entry","no-media"],"acf":[],"yoast_head":"<!-- This site is optimized with the Yoast SEO plugin v27.4 - https:\/\/yoast.com\/product\/yoast-seo-wordpress\/ -->\n<title>Sommelier&#039;s Sommelier | Sommelier Edit<\/title>\n<meta name=\"description\" content=\"El premio Sommelier del Sommelier se otorga a un sommelier que sus pares hayan votado como un embajador destacado del servicio de bebidas.\" \/>\n<meta name=\"robots\" content=\"index, follow, max-snippet:-1, max-image-preview:large, max-video-preview:-1\" \/>\n<link rel=\"canonical\" href=\"https:\/\/sommelieredit.com\/es\/sommeliers-sommelier-2026\/\" \/>\n<meta property=\"og:locale\" content=\"es_ES\" \/>\n<meta property=\"og:type\" content=\"article\" \/>\n<meta property=\"og:title\" content=\"Sommelier&#039;s Sommelier | Sommelier Edit\" \/>\n<meta property=\"og:description\" content=\"El premio Sommelier del Sommelier se otorga a un sommelier que sus pares hayan votado como un embajador destacado del servicio de bebidas.\" \/>\n<meta property=\"og:url\" content=\"https:\/\/sommelieredit.com\/es\/sommeliers-sommelier-2026\/\" \/>\n<meta property=\"og:site_name\" content=\"Sommelier Edit\" \/>\n<meta property=\"article:publisher\" content=\"https:\/\/www.facebook.com\/sommelieredit\/\" \/>\n<meta property=\"article:modified_time\" content=\"2026-01-13T09:56:25+00:00\" \/>\n<meta property=\"og:image\" content=\"https:\/\/sommelieredit.com\/wp-content\/uploads\/2025\/11\/Somms-Somm-2026_es.png\" \/>\n\t<meta property=\"og:image:width\" content=\"1000\" \/>\n\t<meta property=\"og:image:height\" content=\"1000\" \/>\n\t<meta property=\"og:image:type\" content=\"image\/png\" \/>\n<meta name=\"twitter:card\" content=\"summary_large_image\" \/>\n<meta name=\"twitter:site\" content=\"@SommelierEdit\" \/>\n<meta name=\"twitter:label1\" content=\"Tiempo de lectura\" \/>\n\t<meta name=\"twitter:data1\" content=\"2 minutos\" \/>\n<script type=\"application\/ld+json\" class=\"yoast-schema-graph\">{\"@context\":\"https:\\\/\\\/schema.org\",\"@graph\":[{\"@type\":\"WebPage\",\"@id\":\"https:\\\/\\\/sommelieredit.com\\\/es\\\/sommeliers-sommelier-2026\\\/\",\"url\":\"https:\\\/\\\/sommelieredit.com\\\/es\\\/sommeliers-sommelier-2026\\\/\",\"name\":\"Sommelier's Sommelier | Sommelier Edit\",\"isPartOf\":{\"@id\":\"https:\\\/\\\/sommelieredit.com\\\/es\\\/#website\"},\"primaryImageOfPage\":{\"@id\":\"https:\\\/\\\/sommelieredit.com\\\/es\\\/sommeliers-sommelier-2026\\\/#primaryimage\"},\"image\":{\"@id\":\"https:\\\/\\\/sommelieredit.com\\\/es\\\/sommeliers-sommelier-2026\\\/#primaryimage\"},\"thumbnailUrl\":\"https:\\\/\\\/sommelieredit.com\\\/wp-content\\\/uploads\\\/2025\\\/11\\\/Somms-Somm-2026_es-300x300.png\",\"datePublished\":\"2025-11-25T16:13:22+00:00\",\"dateModified\":\"2026-01-13T09:56:25+00:00\",\"description\":\"El premio Sommelier del Sommelier se otorga a un sommelier que sus pares hayan votado como un embajador destacado del servicio de bebidas.\",\"breadcrumb\":{\"@id\":\"https:\\\/\\\/sommelieredit.com\\\/es\\\/sommeliers-sommelier-2026\\\/#breadcrumb\"},\"inLanguage\":\"es\",\"potentialAction\":[{\"@type\":\"ReadAction\",\"target\":[\"https:\\\/\\\/sommelieredit.com\\\/es\\\/sommeliers-sommelier-2026\\\/\"]}]},{\"@type\":\"ImageObject\",\"inLanguage\":\"es\",\"@id\":\"https:\\\/\\\/sommelieredit.com\\\/es\\\/sommeliers-sommelier-2026\\\/#primaryimage\",\"url\":\"https:\\\/\\\/sommelieredit.com\\\/wp-content\\\/uploads\\\/2025\\\/11\\\/Somms-Somm-2026_es-300x300.png\",\"contentUrl\":\"https:\\\/\\\/sommelieredit.com\\\/wp-content\\\/uploads\\\/2025\\\/11\\\/Somms-Somm-2026_es-300x300.png\"},{\"@type\":\"BreadcrumbList\",\"@id\":\"https:\\\/\\\/sommelieredit.com\\\/es\\\/sommeliers-sommelier-2026\\\/#breadcrumb\",\"itemListElement\":[{\"@type\":\"ListItem\",\"position\":1,\"name\":\"Home\",\"item\":\"https:\\\/\\\/sommelieredit.com\\\/es\\\/\"},{\"@type\":\"ListItem\",\"position\":2,\"name\":\"Sommelier&#8217;s Sommelier\"}]},{\"@type\":\"WebSite\",\"@id\":\"https:\\\/\\\/sommelieredit.com\\\/es\\\/#website\",\"url\":\"https:\\\/\\\/sommelieredit.com\\\/es\\\/\",\"name\":\"Sommelier Edit\",\"description\":\"\",\"publisher\":{\"@id\":\"https:\\\/\\\/sommelieredit.com\\\/es\\\/#organization\"},\"potentialAction\":[{\"@type\":\"SearchAction\",\"target\":{\"@type\":\"EntryPoint\",\"urlTemplate\":\"https:\\\/\\\/sommelieredit.com\\\/es\\\/?s={search_term_string}\"},\"query-input\":{\"@type\":\"PropertyValueSpecification\",\"valueRequired\":true,\"valueName\":\"search_term_string\"}}],\"inLanguage\":\"es\"},{\"@type\":\"Organization\",\"@id\":\"https:\\\/\\\/sommelieredit.com\\\/es\\\/#organization\",\"name\":\"Sommelier Edit\",\"url\":\"https:\\\/\\\/sommelieredit.com\\\/es\\\/\",\"logo\":{\"@type\":\"ImageObject\",\"inLanguage\":\"es\",\"@id\":\"https:\\\/\\\/sommelieredit.com\\\/es\\\/#\\\/schema\\\/logo\\\/image\\\/\",\"url\":\"https:\\\/\\\/sommelieredit.com\\\/wp-content\\\/uploads\\\/2022\\\/12\\\/sommelier-edit-logo-og.png\",\"contentUrl\":\"https:\\\/\\\/sommelieredit.com\\\/wp-content\\\/uploads\\\/2022\\\/12\\\/sommelier-edit-logo-og.png\",\"width\":1200,\"height\":630,\"caption\":\"Sommelier Edit\"},\"image\":{\"@id\":\"https:\\\/\\\/sommelieredit.com\\\/es\\\/#\\\/schema\\\/logo\\\/image\\\/\"},\"sameAs\":[\"https:\\\/\\\/www.facebook.com\\\/sommelieredit\\\/\",\"https:\\\/\\\/x.com\\\/SommelierEdit\",\"https:\\\/\\\/www.instagram.com\\\/sommelieredit\\\/\",\"https:\\\/\\\/www.linkedin.com\\\/company\\\/sommelier-edit\\\/\",\"https:\\\/\\\/vimeo.com\\\/sommelieredit\"]}]}<\/script>\n<!-- \/ Yoast SEO plugin. -->","yoast_head_json":{"title":"Sommelier's Sommelier | Sommelier Edit","description":"El premio Sommelier del Sommelier se otorga a un sommelier que sus pares hayan votado como un embajador destacado del servicio de bebidas.","robots":{"index":"index","follow":"follow","max-snippet":"max-snippet:-1","max-image-preview":"max-image-preview:large","max-video-preview":"max-video-preview:-1"},"canonical":"https:\/\/sommelieredit.com\/es\/sommeliers-sommelier-2026\/","og_locale":"es_ES","og_type":"article","og_title":"Sommelier's Sommelier | Sommelier Edit","og_description":"El premio Sommelier del Sommelier se otorga a un sommelier que sus pares hayan votado como un embajador destacado del servicio de bebidas.","og_url":"https:\/\/sommelieredit.com\/es\/sommeliers-sommelier-2026\/","og_site_name":"Sommelier Edit","article_publisher":"https:\/\/www.facebook.com\/sommelieredit\/","article_modified_time":"2026-01-13T09:56:25+00:00","og_image":[{"width":1000,"height":1000,"url":"https:\/\/sommelieredit.com\/wp-content\/uploads\/2025\/11\/Somms-Somm-2026_es.png","type":"image\/png"}],"twitter_card":"summary_large_image","twitter_site":"@SommelierEdit","twitter_misc":{"Tiempo de lectura":"2 minutos"},"schema":{"@context":"https:\/\/schema.org","@graph":[{"@type":"WebPage","@id":"https:\/\/sommelieredit.com\/es\/sommeliers-sommelier-2026\/","url":"https:\/\/sommelieredit.com\/es\/sommeliers-sommelier-2026\/","name":"Sommelier's Sommelier | Sommelier Edit","isPartOf":{"@id":"https:\/\/sommelieredit.com\/es\/#website"},"primaryImageOfPage":{"@id":"https:\/\/sommelieredit.com\/es\/sommeliers-sommelier-2026\/#primaryimage"},"image":{"@id":"https:\/\/sommelieredit.com\/es\/sommeliers-sommelier-2026\/#primaryimage"},"thumbnailUrl":"https:\/\/sommelieredit.com\/wp-content\/uploads\/2025\/11\/Somms-Somm-2026_es-300x300.png","datePublished":"2025-11-25T16:13:22+00:00","dateModified":"2026-01-13T09:56:25+00:00","description":"El premio Sommelier del Sommelier se otorga a un sommelier que sus pares hayan votado como un embajador destacado del servicio de bebidas.","breadcrumb":{"@id":"https:\/\/sommelieredit.com\/es\/sommeliers-sommelier-2026\/#breadcrumb"},"inLanguage":"es","potentialAction":[{"@type":"ReadAction","target":["https:\/\/sommelieredit.com\/es\/sommeliers-sommelier-2026\/"]}]},{"@type":"ImageObject","inLanguage":"es","@id":"https:\/\/sommelieredit.com\/es\/sommeliers-sommelier-2026\/#primaryimage","url":"https:\/\/sommelieredit.com\/wp-content\/uploads\/2025\/11\/Somms-Somm-2026_es-300x300.png","contentUrl":"https:\/\/sommelieredit.com\/wp-content\/uploads\/2025\/11\/Somms-Somm-2026_es-300x300.png"},{"@type":"BreadcrumbList","@id":"https:\/\/sommelieredit.com\/es\/sommeliers-sommelier-2026\/#breadcrumb","itemListElement":[{"@type":"ListItem","position":1,"name":"Home","item":"https:\/\/sommelieredit.com\/es\/"},{"@type":"ListItem","position":2,"name":"Sommelier&#8217;s Sommelier"}]},{"@type":"WebSite","@id":"https:\/\/sommelieredit.com\/es\/#website","url":"https:\/\/sommelieredit.com\/es\/","name":"Sommelier Edit","description":"","publisher":{"@id":"https:\/\/sommelieredit.com\/es\/#organization"},"potentialAction":[{"@type":"SearchAction","target":{"@type":"EntryPoint","urlTemplate":"https:\/\/sommelieredit.com\/es\/?s={search_term_string}"},"query-input":{"@type":"PropertyValueSpecification","valueRequired":true,"valueName":"search_term_string"}}],"inLanguage":"es"},{"@type":"Organization","@id":"https:\/\/sommelieredit.com\/es\/#organization","name":"Sommelier Edit","url":"https:\/\/sommelieredit.com\/es\/","logo":{"@type":"ImageObject","inLanguage":"es","@id":"https:\/\/sommelieredit.com\/es\/#\/schema\/logo\/image\/","url":"https:\/\/sommelieredit.com\/wp-content\/uploads\/2022\/12\/sommelier-edit-logo-og.png","contentUrl":"https:\/\/sommelieredit.com\/wp-content\/uploads\/2022\/12\/sommelier-edit-logo-og.png","width":1200,"height":630,"caption":"Sommelier Edit"},"image":{"@id":"https:\/\/sommelieredit.com\/es\/#\/schema\/logo\/image\/"},"sameAs":["https:\/\/www.facebook.com\/sommelieredit\/","https:\/\/x.com\/SommelierEdit","https:\/\/www.instagram.com\/sommelieredit\/","https:\/\/www.linkedin.com\/company\/sommelier-edit\/","https:\/\/vimeo.com\/sommelieredit"]}]}},"_links":{"self":[{"href":"https:\/\/sommelieredit.com\/es\/wp-json\/wp\/v2\/pages\/10217","targetHints":{"allow":["GET"]}}],"collection":[{"href":"https:\/\/sommelieredit.com\/es\/wp-json\/wp\/v2\/pages"}],"about":[{"href":"https:\/\/sommelieredit.com\/es\/wp-json\/wp\/v2\/types\/page"}],"author":[{"embeddable":true,"href":"https:\/\/sommelieredit.com\/es\/wp-json\/wp\/v2\/users\/17"}],"replies":[{"embeddable":true,"href":"https:\/\/sommelieredit.com\/es\/wp-json\/wp\/v2\/comments?post=10217"}],"version-history":[{"count":6,"href":"https:\/\/sommelieredit.com\/es\/wp-json\/wp\/v2\/pages\/10217\/revisions"}],"predecessor-version":[{"id":10719,"href":"https:\/\/sommelieredit.com\/es\/wp-json\/wp\/v2\/pages\/10217\/revisions\/10719"}],"wp:attachment":[{"href":"https:\/\/sommelieredit.com\/es\/wp-json\/wp\/v2\/media?parent=10217"}],"curies":[{"name":"wp","href":"https:\/\/api.w.org\/{rel}","templated":true}]}}